{"id":55,"date":"2021-01-21T16:24:15","date_gmt":"2021-01-21T15:24:15","guid":{"rendered":"https:\/\/la-marmite-orientale.fr\/?page_id=55"},"modified":"2023-01-07T22:17:47","modified_gmt":"2023-01-07T21:17:47","slug":"accueil","status":"publish","type":"page","link":"https:\/\/la-marmite-orientale.fr\/","title":{"rendered":"Accueil"},"content":{"rendered":"\t\t<div data-elementor-type=\"wp-page\" data-elementor-id=\"55\" class=\"elementor elementor-55\">\n\t\t\t\t\t\t\t\t\t<section class=\"elementor-section elementor-top-section elementor-element elementor-element-483cd857 elementor-section-full_width elementor-section-height-default elementor-section-height-default\" data-id=\"483cd857\" data-element_type=\"section\" data-settings=\"{&quot;background_background&quot;:&quot;slideshow&quot;,&quot;background_slideshow_gallery&quot;:[{&quot;id&quot;:8,&quot;url&quot;:&quot;https:\\\/\\\/la-marmite-orientale.fr\\\/wp-content\\\/uploads\\\/2021\\\/01\\\/salon-clermont-2.jpg&quot;},{&quot;id&quot;:9,&quot;url&quot;:&quot;https:\\\/\\\/la-marmite-orientale.fr\\\/wp-content\\\/uploads\\\/2021\\\/01\\\/couscous-merguez-675x450-2.jpg&quot;},{&quot;id&quot;:10,&quot;url&quot;:&quot;https:\\\/\\\/la-marmite-orientale.fr\\\/wp-content\\\/uploads\\\/2021\\\/01\\\/the-vert-la-marmite-orientale-675x450-1.jpg&quot;},{&quot;id&quot;:11,&quot;url&quot;:&quot;https:\\\/\\\/la-marmite-orientale.fr\\\/wp-content\\\/uploads\\\/2021\\\/01\\\/Couscous-1-viande.jpg&quot;}],&quot;background_slideshow_slide_transition&quot;:&quot;slide_down&quot;,&quot;background_slideshow_transition_duration&quot;:1000,&quot;background_slideshow_ken_burns&quot;:&quot;yes&quot;,&quot;animation&quot;:&quot;none&quot;,&quot;background_slideshow_loop&quot;:&quot;yes&quot;,&quot;background_slideshow_slide_duration&quot;:5000,&quot;background_slideshow_ken_burns_zoom_direction&quot;:&quot;in&quot;}\">\n\t\t\t\t\t\t\t<div class=\"elementor-background-overlay\"><\/div>\n\t\t\t\t\t\t\t<div class=\"elementor-container elementor-column-gap-default\">\n\t\t\t\t\t<div class=\"elementor-column elementor-col-100 elementor-top-column elementor-element elementor-element-67a93788\" data-id=\"67a93788\" data-element_type=\"column\">\n\t\t\t<div class=\"elementor-widget-wrap elementor-element-populated\">\n\t\t\t\t\t\t\t\t<div class=\"elementor-element elementor-element-6824dfe3 elementor-widget elementor-widget-heading\" data-id=\"6824dfe3\" data-element_type=\"widget\" data-widget_type=\"heading.default\">\n\t\t\t\t<div class=\"elementor-widget-container\">\n\t\t\t<h2 class=\"elementor-heading-title elementor-size-default\">Sp\u00e9cialit\u00e9s couscous, tajines et p\u00e2tisseries orientales<\/h2>\t\t<\/div>\n\t\t\t\t<\/div>\n\t\t\t\t<div class=\"elementor-element elementor-element-f7fc174 elementor-widget elementor-widget-spacer\" data-id=\"f7fc174\" data-element_type=\"widget\" data-widget_type=\"spacer.default\">\n\t\t\t\t<div class=\"elementor-widget-container\">\n\t\t\t\t\t<div class=\"elementor-spacer\">\n\t\t\t<div class=\"elementor-spacer-inner\"><\/div>\n\t\t<\/div>\n\t\t\t\t<\/div>\n\t\t\t\t<\/div>\n\t\t\t\t<div class=\"elementor-element elementor-element-7633d24b elementor-widget elementor-widget-heading\" data-id=\"7633d24b\" data-element_type=\"widget\" data-widget_type=\"heading.default\">\n\t\t\t\t<div class=\"elementor-widget-container\">\n\t\t\t<h4 class=\"elementor-heading-title elementor-size-default\">Couscous traditionnel , tajines, p\u00e2tisseries orientales \u00e0 d\u00e9guster au Bureau, \u00e0 la maison, en famille, entre amis, pour vos r\u00e9ceptions ... ou juste pour le plaisir.Commandez votre plat\u00a0 au 06 07 38 60 04 ou en ligne en cliquant sur le bouton si dessous<\/h4>\t\t<\/div>\n\t\t\t\t<\/div>\n\t\t\t\t<div class=\"elementor-element elementor-element-1d6380df elementor-align-center elementor-widget elementor-widget-button\" data-id=\"1d6380df\" data-element_type=\"widget\" data-widget_type=\"button.default\">\n\t\t\t\t<div class=\"elementor-widget-container\">\n\t\t\t\t\t<div class=\"elementor-button-wrapper\">\n\t\t\t<a class=\"elementor-button elementor-button-link elementor-size-sm\" href=\"https:\/\/la-marmite-orientale.byclickeat.fr\/order\" target=\"_blank\" rel=\"noopener\">\n\t\t\t\t\t\t<span class=\"elementor-button-content-wrapper\">\n\t\t\t\t\t\t<span class=\"elementor-button-icon elementor-align-icon-right\">\n\t\t\t\t<i aria-hidden=\"true\" class=\"fas fa-arrow-circle-right\"><\/i>\t\t\t<\/span>\n\t\t\t\t\t\t<span class=\"elementor-button-text\">Commandez ici <\/span>\n\t\t<\/span>\n\t\t\t\t\t<\/a>\n\t\t<\/div>\n\t\t\t\t<\/div>\n\t\t\t\t<\/div>\n\t\t\t\t\t<\/div>\n\t\t<\/div>\n\t\t\t\t\t\t\t<\/div>\n\t\t<\/section>\n\t\t\t\t<section class=\"elementor-section elementor-top-section elementor-element elementor-element-1dd7760a elementor-section-boxed elementor-section-height-default elementor-section-height-default\" data-id=\"1dd7760a\" data-element_type=\"section\">\n\t\t\t\t\t\t<div class=\"elementor-container elementor-column-gap-default\">\n\t\t\t\t\t<div class=\"elementor-column elementor-col-100 elementor-top-column elementor-element elementor-element-52661893\" data-id=\"52661893\" data-element_type=\"column\">\n\t\t\t<div class=\"elementor-widget-wrap elementor-element-populated\">\n\t\t\t\t\t\t\t\t<div class=\"elementor-element elementor-element-6d81de7d elementor-widget elementor-widget-heading\" data-id=\"6d81de7d\" data-element_type=\"widget\" data-widget_type=\"heading.default\">\n\t\t\t\t<div class=\"elementor-widget-container\">\n\t\t\t<h2 class=\"elementor-heading-title elementor-size-xl\">Nos sp\u00e9cialit\u00e9s <\/h2>\t\t<\/div>\n\t\t\t\t<\/div>\n\t\t\t\t\t<\/div>\n\t\t<\/div>\n\t\t\t\t\t\t\t<\/div>\n\t\t<\/section>\n\t\t\t\t<section class=\"elementor-section elementor-top-section elementor-element elementor-element-218549af elementor-section-boxed elementor-section-height-default elementor-section-height-default\" data-id=\"218549af\" data-element_type=\"section\">\n\t\t\t\t\t\t<div class=\"elementor-container elementor-column-gap-default\">\n\t\t\t\t\t<div class=\"elementor-column elementor-col-33 elementor-top-column elementor-element elementor-element-6a23af3b\" data-id=\"6a23af3b\" data-element_type=\"column\">\n\t\t\t<div class=\"elementor-widget-wrap elementor-element-populated\">\n\t\t\t\t\t\t\t\t<div class=\"elementor-element elementor-element-3796215a elementor-position-top elementor-widget elementor-widget-image-box\" data-id=\"3796215a\" data-element_type=\"widget\" data-widget_type=\"image-box.default\">\n\t\t\t\t<div class=\"elementor-widget-container\">\n\t\t\t<div class=\"elementor-image-box-wrapper\"><figure class=\"elementor-image-box-img\"><img decoding=\"async\" src=\"https:\/\/la-marmite-orientale.fr\/wp-content\/uploads\/elementor\/thumbs\/COUSCOUS-CANVA-p1p3yt5df6de81n0fnj44c85p78b53cq0698bwlyh0.jpg\" title=\"COUSCOUS-CANVA.jpg\" alt=\"COUSCOUS-CANVA.jpg\" loading=\"lazy\" \/><\/figure><div class=\"elementor-image-box-content\"><h3 class=\"elementor-image-box-title\">Couscous<\/h3><p class=\"elementor-image-box-description\">Notre couscous fait maison est compos\u00e9 de l\u00e9gumes frais et est accompagn\u00e9 d'une ou plusieurs viandes au choix<\/p><\/div><\/div>\t\t<\/div>\n\t\t\t\t<\/div>\n\t\t\t\t\t<\/div>\n\t\t<\/div>\n\t\t\t\t<div class=\"elementor-column elementor-col-33 elementor-top-column elementor-element elementor-element-268499f8\" data-id=\"268499f8\" data-element_type=\"column\">\n\t\t\t<div class=\"elementor-widget-wrap elementor-element-populated\">\n\t\t\t\t\t\t\t\t<div class=\"elementor-element elementor-element-5e917eae elementor-position-top elementor-widget elementor-widget-image-box\" data-id=\"5e917eae\" data-element_type=\"widget\" data-widget_type=\"image-box.default\">\n\t\t\t\t<div class=\"elementor-widget-container\">\n\t\t\t<div class=\"elementor-image-box-wrapper\"><figure class=\"elementor-image-box-img\"><img decoding=\"async\" src=\"https:\/\/la-marmite-orientale.fr\/wp-content\/uploads\/elementor\/thumbs\/tajine-1-p1p3yt5df6de81n0fnj44c85p78b53cq0698bwlyh0.jpg\" title=\"tajine-1.jpg\" alt=\"tajine-1.jpg\" loading=\"lazy\" \/><\/figure><div class=\"elementor-image-box-content\"><h3 class=\"elementor-image-box-title\">Tajine<\/h3><p class=\"elementor-image-box-description\">Tout nos tajine sont fait maison et compos\u00e9 de l\u00e9gumes frais, ils peuvent \u00eatre accompagn\u00e9 d'une viande au choix<\/p><\/div><\/div>\t\t<\/div>\n\t\t\t\t<\/div>\n\t\t\t\t\t<\/div>\n\t\t<\/div>\n\t\t\t\t<div class=\"elementor-column elementor-col-33 elementor-top-column elementor-element elementor-element-3e9fb939\" data-id=\"3e9fb939\" data-element_type=\"column\">\n\t\t\t<div class=\"elementor-widget-wrap elementor-element-populated\">\n\t\t\t\t\t\t\t\t<div class=\"elementor-element elementor-element-66d503f6 elementor-position-top elementor-widget elementor-widget-image-box\" data-id=\"66d503f6\" data-element_type=\"widget\" data-widget_type=\"image-box.default\">\n\t\t\t\t<div class=\"elementor-widget-container\">\n\t\t\t<div class=\"elementor-image-box-wrapper\"><figure class=\"elementor-image-box-img\"><img decoding=\"async\" src=\"https:\/\/la-marmite-orientale.fr\/wp-content\/uploads\/elementor\/thumbs\/Patisseries-Orientales-1-p1p3yt5df6de81n0fnj44c85p78b53cq0698bwlyh0.jpg\" title=\"Patisseries-Orientales-1.jpg\" alt=\"Patisseries-Orientales-1.jpg\" loading=\"lazy\" \/><\/figure><div class=\"elementor-image-box-content\"><h3 class=\"elementor-image-box-title\">P\u00e2tisseries Orientales<\/h3><p class=\"elementor-image-box-description\">D\u00e9gustez nos d\u00e9licieuses p\u00e2tisseries orientales fait maison<\/p><\/div><\/div>\t\t<\/div>\n\t\t\t\t<\/div>\n\t\t\t\t\t<\/div>\n\t\t<\/div>\n\t\t\t\t\t\t\t<\/div>\n\t\t<\/section>\n\t\t\t\t<section class=\"elementor-section elementor-top-section elementor-element elementor-element-4fc5556 elementor-section-boxed elementor-section-height-default elementor-section-height-default\" data-id=\"4fc5556\" data-element_type=\"section\" data-settings=\"{&quot;background_background&quot;:&quot;classic&quot;}\">\n\t\t\t\t\t\t<div class=\"elementor-container elementor-column-gap-default\">\n\t\t\t\t\t<div class=\"elementor-column elementor-col-50 elementor-top-column elementor-element elementor-element-374926e9\" data-id=\"374926e9\" data-element_type=\"column\">\n\t\t\t<div class=\"elementor-widget-wrap elementor-element-populated\">\n\t\t\t\t\t\t\t\t<div class=\"elementor-element elementor-element-474c63c1 elementor-widget elementor-widget-heading\" data-id=\"474c63c1\" data-element_type=\"widget\" data-widget_type=\"heading.default\">\n\t\t\t\t<div class=\"elementor-widget-container\">\n\t\t\t<h2 class=\"elementor-heading-title elementor-size-default\">Notre savoir faire<\/h2>\t\t<\/div>\n\t\t\t\t<\/div>\n\t\t\t\t<div class=\"elementor-element elementor-element-18f7b2ff elementor-widget elementor-widget-text-editor\" data-id=\"18f7b2ff\" data-element_type=\"widget\" data-widget_type=\"text-editor.default\">\n\t\t\t\t<div class=\"elementor-widget-container\">\n\t\t\t\t\t\t\t<p>Nassira, d&rsquo;origine marocaine a baign\u00e9 dans la cuisine marocaine avec sa maman depuis son plus jeune \u00e2ge et est une passionn\u00e9e de cuisine orientale, \u00a0d\u00e9sormais elle veut partager sa passion avec le plus grand nombre.<\/p><p>\u00a0Apr\u00e8s vingt ans d&rsquo;exp\u00e9riences au Maroc et en France en h\u00f4tellerie et restauration elle s&rsquo;est lanc\u00e9e en cr\u00e9ant son entreprise de traiteur orientale avec des sp\u00e9cialit\u00e9s couscous, tajines et p\u00e2tisseries orientales.\u00a0<\/p>\t\t\t\t\t\t<\/div>\n\t\t\t\t<\/div>\n\t\t\t\t<div class=\"elementor-element elementor-element-51e6775 elementor-align-center elementor-widget elementor-widget-button\" data-id=\"51e6775\" data-element_type=\"widget\" data-widget_type=\"button.default\">\n\t\t\t\t<div class=\"elementor-widget-container\">\n\t\t\t\t\t<div class=\"elementor-button-wrapper\">\n\t\t\t<a class=\"elementor-button elementor-button-link elementor-size-md\" href=\"https:\/\/la-marmite-orientale.fr\/?page_id=60\">\n\t\t\t\t\t\t<span class=\"elementor-button-content-wrapper\">\n\t\t\t\t\t\t<span class=\"elementor-button-text\">Ce que propose La Marmite Orientale<\/span>\n\t\t<\/span>\n\t\t\t\t\t<\/a>\n\t\t<\/div>\n\t\t\t\t<\/div>\n\t\t\t\t<\/div>\n\t\t\t\t\t<\/div>\n\t\t<\/div>\n\t\t\t\t<div class=\"elementor-column elementor-col-50 elementor-top-column elementor-element elementor-element-60c8c0f7\" data-id=\"60c8c0f7\" data-element_type=\"column\">\n\t\t\t<div class=\"elementor-widget-wrap elementor-element-populated\">\n\t\t\t\t\t\t\t\t<div class=\"elementor-element elementor-element-4746858e elementor-widget elementor-widget-image\" data-id=\"4746858e\" data-element_type=\"widget\" data-widget_type=\"image.default\">\n\t\t\t\t<div class=\"elementor-widget-container\">\n\t\t\t\t\t\t\t\t\t\t\t\t\t\t\t<img fetchpriority=\"high\" decoding=\"async\" width=\"800\" height=\"388\" src=\"https:\/\/la-marmite-orientale.fr\/wp-content\/uploads\/2021\/01\/salon-clermont-2-1024x497.jpg\" class=\"attachment-large size-large wp-image-8\" alt=\"\" srcset=\"https:\/\/la-marmite-orientale.fr\/wp-content\/uploads\/2021\/01\/salon-clermont-2-1024x497.jpg 1024w, https:\/\/la-marmite-orientale.fr\/wp-content\/uploads\/2021\/01\/salon-clermont-2-300x146.jpg 300w, https:\/\/la-marmite-orientale.fr\/wp-content\/uploads\/2021\/01\/salon-clermont-2-768x373.jpg 768w, https:\/\/la-marmite-orientale.fr\/wp-content\/uploads\/2021\/01\/salon-clermont-2-1536x746.jpg 1536w, https:\/\/la-marmite-orientale.fr\/wp-content\/uploads\/2021\/01\/salon-clermont-2.jpg 1600w\" sizes=\"(max-width: 800px) 100vw, 800px\" \/>\t\t\t\t\t\t\t\t\t\t\t\t\t\t\t<\/div>\n\t\t\t\t<\/div>\n\t\t\t\t\t<\/div>\n\t\t<\/div>\n\t\t\t\t\t\t\t<\/div>\n\t\t<\/section>\n\t\t\t\t<section class=\"elementor-section elementor-top-section elementor-element elementor-element-25878335 elementor-section-boxed elementor-section-height-default elementor-section-height-default\" data-id=\"25878335\" data-element_type=\"section\">\n\t\t\t\t\t\t<div class=\"elementor-container elementor-column-gap-default\">\n\t\t\t\t\t<div class=\"elementor-column elementor-col-100 elementor-top-column elementor-element elementor-element-7108a74d\" data-id=\"7108a74d\" data-element_type=\"column\">\n\t\t\t<div class=\"elementor-widget-wrap elementor-element-populated\">\n\t\t\t\t\t\t\t\t<div class=\"elementor-element elementor-element-6e89d8bc elementor-widget elementor-widget-heading\" data-id=\"6e89d8bc\" data-element_type=\"widget\" data-widget_type=\"heading.default\">\n\t\t\t\t<div class=\"elementor-widget-container\">\n\t\t\t<h2 class=\"elementor-heading-title elementor-size-large\">Notre galerie photos <\/h2>\t\t<\/div>\n\t\t\t\t<\/div>\n\t\t\t\t\t<\/div>\n\t\t<\/div>\n\t\t\t\t\t\t\t<\/div>\n\t\t<\/section>\n\t\t\t\t<section class=\"elementor-section elementor-top-section elementor-element elementor-element-5db72521 elementor-section-boxed elementor-section-height-default elementor-section-height-default\" data-id=\"5db72521\" data-element_type=\"section\">\n\t\t\t\t\t\t<div class=\"elementor-container elementor-column-gap-default\">\n\t\t\t\t\t<div class=\"elementor-column elementor-col-25 elementor-top-column elementor-element elementor-element-2ed7a2a8\" data-id=\"2ed7a2a8\" data-element_type=\"column\">\n\t\t\t<div class=\"elementor-widget-wrap elementor-element-populated\">\n\t\t\t\t\t\t\t\t<div class=\"elementor-element elementor-element-65c29df elementor-widget elementor-widget-image\" data-id=\"65c29df\" data-element_type=\"widget\" data-widget_type=\"image.default\">\n\t\t\t\t<div class=\"elementor-widget-container\">\n\t\t\t\t\t\t\t\t\t\t\t\t\t\t\t\t<a href=\"https:\/\/la-marmite-orientale.fr\/wp-content\/uploads\/2021\/01\/TAJINE.jpg\" data-elementor-open-lightbox=\"yes\" data-elementor-lightbox-title=\"TAJINE.jpg\" data-e-action-hash=\"#elementor-action%3Aaction%3Dlightbox%26settings%3DeyJpZCI6MTUsInVybCI6Imh0dHBzOlwvXC9sYS1tYXJtaXRlLW9yaWVudGFsZS5mclwvd3AtY29udGVudFwvdXBsb2Fkc1wvMjAyMVwvMDFcL1RBSklORS5qcGcifQ%3D%3D\">\n\t\t\t\t\t\t\t<img decoding=\"async\" width=\"1000\" height=\"500\" src=\"https:\/\/la-marmite-orientale.fr\/wp-content\/uploads\/2021\/01\/TAJINE.jpg\" class=\"attachment-full size-full wp-image-15\" alt=\"\" srcset=\"https:\/\/la-marmite-orientale.fr\/wp-content\/uploads\/2021\/01\/TAJINE.jpg 1000w, https:\/\/la-marmite-orientale.fr\/wp-content\/uploads\/2021\/01\/TAJINE-300x150.jpg 300w, https:\/\/la-marmite-orientale.fr\/wp-content\/uploads\/2021\/01\/TAJINE-768x384.jpg 768w\" sizes=\"(max-width: 1000px) 100vw, 1000px\" \/>\t\t\t\t\t\t\t\t<\/a>\n\t\t\t\t\t\t\t\t\t\t\t\t\t\t\t<\/div>\n\t\t\t\t<\/div>\n\t\t\t\t\t<\/div>\n\t\t<\/div>\n\t\t\t\t<div class=\"elementor-column elementor-col-25 elementor-top-column elementor-element elementor-element-420b1b2\" data-id=\"420b1b2\" data-element_type=\"column\">\n\t\t\t<div class=\"elementor-widget-wrap elementor-element-populated\">\n\t\t\t\t\t\t\t\t<div class=\"elementor-element elementor-element-49b237b4 elementor-widget elementor-widget-image\" data-id=\"49b237b4\" data-element_type=\"widget\" data-widget_type=\"image.default\">\n\t\t\t\t<div class=\"elementor-widget-container\">\n\t\t\t\t\t\t\t\t\t\t\t\t\t\t\t\t<a href=\"https:\/\/la-marmite-orientale.fr\/wp-content\/uploads\/2021\/01\/Couscous-1-viande.jpg\" data-elementor-open-lightbox=\"yes\" data-elementor-lightbox-title=\"Couscous-1-viande.jpg\" data-e-action-hash=\"#elementor-action%3Aaction%3Dlightbox%26settings%3DeyJpZCI6MTEsInVybCI6Imh0dHBzOlwvXC9sYS1tYXJtaXRlLW9yaWVudGFsZS5mclwvd3AtY29udGVudFwvdXBsb2Fkc1wvMjAyMVwvMDFcL0NvdXNjb3VzLTEtdmlhbmRlLmpwZyJ9\">\n\t\t\t\t\t\t\t<img decoding=\"async\" width=\"700\" height=\"700\" src=\"https:\/\/la-marmite-orientale.fr\/wp-content\/uploads\/2021\/01\/Couscous-1-viande.jpg\" class=\"attachment-full size-full wp-image-11\" alt=\"\" srcset=\"https:\/\/la-marmite-orientale.fr\/wp-content\/uploads\/2021\/01\/Couscous-1-viande.jpg 700w, https:\/\/la-marmite-orientale.fr\/wp-content\/uploads\/2021\/01\/Couscous-1-viande-300x300.jpg 300w, https:\/\/la-marmite-orientale.fr\/wp-content\/uploads\/2021\/01\/Couscous-1-viande-150x150.jpg 150w\" sizes=\"(max-width: 700px) 100vw, 700px\" \/>\t\t\t\t\t\t\t\t<\/a>\n\t\t\t\t\t\t\t\t\t\t\t\t\t\t\t<\/div>\n\t\t\t\t<\/div>\n\t\t\t\t\t<\/div>\n\t\t<\/div>\n\t\t\t\t<div class=\"elementor-column elementor-col-25 elementor-top-column elementor-element elementor-element-1dc3aaa5\" data-id=\"1dc3aaa5\" data-element_type=\"column\">\n\t\t\t<div class=\"elementor-widget-wrap elementor-element-populated\">\n\t\t\t\t\t\t\t\t<div class=\"elementor-element elementor-element-6c939cd8 elementor-widget elementor-widget-image\" data-id=\"6c939cd8\" data-element_type=\"widget\" data-widget_type=\"image.default\">\n\t\t\t\t<div class=\"elementor-widget-container\">\n\t\t\t\t\t\t\t\t\t\t\t\t\t\t\t\t<a href=\"https:\/\/la-marmite-orientale.fr\/wp-content\/uploads\/2021\/01\/tajine-1.jpg\" data-elementor-open-lightbox=\"yes\" data-elementor-lightbox-title=\"tajine-1.jpg\" data-e-action-hash=\"#elementor-action%3Aaction%3Dlightbox%26settings%3DeyJpZCI6MTMsInVybCI6Imh0dHBzOlwvXC9sYS1tYXJtaXRlLW9yaWVudGFsZS5mclwvd3AtY29udGVudFwvdXBsb2Fkc1wvMjAyMVwvMDFcL3RhamluZS0xLmpwZyJ9\">\n\t\t\t\t\t\t\t<img loading=\"lazy\" decoding=\"async\" width=\"640\" height=\"480\" src=\"https:\/\/la-marmite-orientale.fr\/wp-content\/uploads\/2021\/01\/tajine-1.jpg\" class=\"attachment-full size-full wp-image-13\" alt=\"\" srcset=\"https:\/\/la-marmite-orientale.fr\/wp-content\/uploads\/2021\/01\/tajine-1.jpg 640w, https:\/\/la-marmite-orientale.fr\/wp-content\/uploads\/2021\/01\/tajine-1-300x225.jpg 300w\" sizes=\"(max-width: 640px) 100vw, 640px\" \/>\t\t\t\t\t\t\t\t<\/a>\n\t\t\t\t\t\t\t\t\t\t\t\t\t\t\t<\/div>\n\t\t\t\t<\/div>\n\t\t\t\t\t<\/div>\n\t\t<\/div>\n\t\t\t\t<div class=\"elementor-column elementor-col-25 elementor-top-column elementor-element elementor-element-4a4f1bfa\" data-id=\"4a4f1bfa\" data-element_type=\"column\">\n\t\t\t<div class=\"elementor-widget-wrap elementor-element-populated\">\n\t\t\t\t\t\t\t\t<div class=\"elementor-element elementor-element-5fc2950f elementor-widget elementor-widget-image\" data-id=\"5fc2950f\" data-element_type=\"widget\" data-widget_type=\"image.default\">\n\t\t\t\t<div class=\"elementor-widget-container\">\n\t\t\t\t\t\t\t\t\t\t\t\t\t\t\t\t<a href=\"https:\/\/la-marmite-orientale.fr\/wp-content\/uploads\/2021\/01\/COUSCOUS-CANVA.jpg\" data-elementor-open-lightbox=\"yes\" data-elementor-lightbox-title=\"COUSCOUS-CANVA.jpg\" data-e-action-hash=\"#elementor-action%3Aaction%3Dlightbox%26settings%3DeyJpZCI6MTIsInVybCI6Imh0dHBzOlwvXC9sYS1tYXJtaXRlLW9yaWVudGFsZS5mclwvd3AtY29udGVudFwvdXBsb2Fkc1wvMjAyMVwvMDFcL0NPVVNDT1VTLUNBTlZBLmpwZyJ9\">\n\t\t\t\t\t\t\t<img loading=\"lazy\" decoding=\"async\" width=\"822\" height=\"548\" src=\"https:\/\/la-marmite-orientale.fr\/wp-content\/uploads\/2021\/01\/COUSCOUS-CANVA.jpg\" class=\"attachment-full size-full wp-image-12\" alt=\"\" srcset=\"https:\/\/la-marmite-orientale.fr\/wp-content\/uploads\/2021\/01\/COUSCOUS-CANVA.jpg 822w, https:\/\/la-marmite-orientale.fr\/wp-content\/uploads\/2021\/01\/COUSCOUS-CANVA-300x200.jpg 300w, https:\/\/la-marmite-orientale.fr\/wp-content\/uploads\/2021\/01\/COUSCOUS-CANVA-768x512.jpg 768w\" sizes=\"(max-width: 822px) 100vw, 822px\" \/>\t\t\t\t\t\t\t\t<\/a>\n\t\t\t\t\t\t\t\t\t\t\t\t\t\t\t<\/div>\n\t\t\t\t<\/div>\n\t\t\t\t\t<\/div>\n\t\t<\/div>\n\t\t\t\t\t\t\t<\/div>\n\t\t<\/section>\n\t\t\t\t\t\t\t<\/div>\n\t\t","protected":false},"excerpt":{"rendered":"<p>Sp\u00e9cialit\u00e9s couscous, tajines et p\u00e2tisseries orientales Couscous traditionnel , tajines, p\u00e2tisseries orientales \u00e0 d\u00e9guster au Bureau, \u00e0 la maison, en famille, entre amis, pour vos r\u00e9ceptions &#8230; ou juste pour le plaisir.Commandez votre plat\u00a0 au 06 07 38 60 04 ou en ligne en cliquant sur le bouton si dessous Commandez ici Nos sp\u00e9cialit\u00e9s Couscous [&hellip;]<\/p>\n","protected":false},"author":1,"featured_media":0,"parent":0,"menu_order":0,"comment_status":"closed","ping_status":"closed","template":"","meta":{"_monsterinsights_skip_tracking":false,"_monsterinsights_sitenote_active":false,"_monsterinsights_sitenote_note":"","_monsterinsights_sitenote_category":0,"footnotes":""},"_links":{"self":[{"href":"https:\/\/la-marmite-orientale.fr\/index.php?rest_route=\/wp\/v2\/pages\/55"}],"collection":[{"href":"https:\/\/la-marmite-orientale.fr\/index.php?rest_route=\/wp\/v2\/pages"}],"about":[{"href":"https:\/\/la-marmite-orientale.fr\/index.php?rest_route=\/wp\/v2\/types\/page"}],"author":[{"embeddable":true,"href":"https:\/\/la-marmite-orientale.fr\/index.php?rest_route=\/wp\/v2\/users\/1"}],"replies":[{"embeddable":true,"href":"https:\/\/la-marmite-orientale.fr\/index.php?rest_route=%2Fwp%2Fv2%2Fcomments&post=55"}],"version-history":[{"count":16,"href":"https:\/\/la-marmite-orientale.fr\/index.php?rest_route=\/wp\/v2\/pages\/55\/revisions"}],"predecessor-version":[{"id":235,"href":"https:\/\/la-marmite-orientale.fr\/index.php?rest_route=\/wp\/v2\/pages\/55\/revisions\/235"}],"wp:attachment":[{"href":"https:\/\/la-marmite-orientale.fr\/index.php?rest_route=%2Fwp%2Fv2%2Fmedia&parent=55"}],"curies":[{"name":"wp","href":"https:\/\/api.w.org\/{rel}","templated":true}]}}